{"id":12,"date":"2025-11-04T16:03:38","date_gmt":"2025-11-04T19:03:38","guid":{"rendered":"https:\/\/maples.com.br\/?page_id=12"},"modified":"2025-11-04T16:34:57","modified_gmt":"2025-11-04T19:34:57","slug":"agencia-maples","status":"publish","type":"page","link":"https:\/\/maples.com.br\/","title":{"rendered":"Ag\u00eancia Maples"},"content":{"rendered":"\t\t<div data-elementor-type=\"wp-page\" data-elementor-id=\"12\" class=\"elementor elementor-12\" data-elementor-post-type=\"page\">\n\t\t\t\t<div class=\"elementor-element elementor-element-f3066ba e-flex e-con-boxed e-con e-parent\" data-id=\"f3066ba\" data-element_type=\"container\">\n\t\t\t\t\t<div class=\"e-con-inner\">\n\t\t<div class=\"elementor-element elementor-element-92f8467 e-con-full e-flex e-con e-child\" data-id=\"92f8467\" data-element_type=\"container\">\n\t\t\t\t<div class=\"elementor-element elementor-element-e1861e3 elementor-widget elementor-widget-image\" data-id=\"e1861e3\" data-element_type=\"widget\" data-widget_type=\"image.default\">\n\t\t\t\t\t\t\t\t\t\t\t\t\t\t\t<img fetchpriority=\"high\" decoding=\"async\" width=\"1290\" height=\"398\" src=\"https:\/\/maples.com.br\/wp-content\/uploads\/2025\/11\/logo-agencia-de-marketing-maples.webp\" class=\"attachment-full size-full wp-image-15\" alt=\"logo-agencia-de-marketing-maples\" srcset=\"https:\/\/maples.com.br\/wp-content\/uploads\/2025\/11\/logo-agencia-de-marketing-maples.webp 1290w, https:\/\/maples.com.br\/wp-content\/uploads\/2025\/11\/logo-agencia-de-marketing-maples-300x93.webp 300w, https:\/\/maples.com.br\/wp-content\/uploads\/2025\/11\/logo-agencia-de-marketing-maples-1024x316.webp 1024w, https:\/\/maples.com.br\/wp-content\/uploads\/2025\/11\/logo-agencia-de-marketing-maples-768x237.webp 768w\" sizes=\"(max-width: 1290px) 100vw, 1290px\" \/>\t\t\t\t\t\t\t\t\t\t\t\t\t\t\t<\/div>\n\t\t\t\t<div class=\"elementor-element elementor-element-735ab79 elementor-widget-mobile__width-inherit elementor-widget elementor-widget-heading\" data-id=\"735ab79\" data-element_type=\"widget\" data-widget_type=\"heading.default\">\n\t\t\t\t\t<h2 class=\"elementor-heading-title elementor-size-default\">Estamos em Manuten\u00e7\u00e3o<\/h2>\t\t\t\t<\/div>\n\t\t\t\t<div class=\"elementor-element elementor-element-34656ca elementor-widget elementor-widget-text-editor\" data-id=\"34656ca\" data-element_type=\"widget\" data-widget_type=\"text-editor.default\">\n\t\t\t\t\t\t\t\t\t<p class=\"text-xl md:text-2xl text-center text-muted-foreground mb-8 font-light\">Melhorando nossa p\u00e1gina para melhor atend\u00ea-lo<\/p>\t\t\t\t\t\t\t\t<\/div>\n\t\t\t\t<div class=\"elementor-element elementor-element-317e831 elementor-widget-divider--view-line elementor-widget elementor-widget-divider\" data-id=\"317e831\" data-element_type=\"widget\" data-widget_type=\"divider.default\">\n\t\t\t\t\t\t\t<div class=\"elementor-divider\">\n\t\t\t<span class=\"elementor-divider-separator\">\n\t\t\t\t\t\t<\/span>\n\t\t<\/div>\n\t\t\t\t\t\t<\/div>\n\t\t\t\t<div class=\"elementor-element elementor-element-04c24c3 elementor-widget elementor-widget-text-editor\" data-id=\"04c24c3\" data-element_type=\"widget\" data-widget_type=\"text-editor.default\">\n\t\t\t\t\t\t\t\t\t<p class=\"text-xl md:text-2xl text-center text-muted-foreground mb-8 font-light\">Estamos trabalhando para trazer uma experi\u00eancia ainda melhor para voc\u00ea. Nossa equipe est\u00e1 dedicada em criar solu\u00e7\u00f5es que fazem clientes felizes.<\/p>\t\t\t\t\t\t\t\t<\/div>\n\t\t\t\t<div class=\"elementor-element elementor-element-51f2c8f elementor-widget-divider--view-line elementor-widget elementor-widget-divider\" data-id=\"51f2c8f\" data-element_type=\"widget\" data-widget_type=\"divider.default\">\n\t\t\t\t\t\t\t<div class=\"elementor-divider\">\n\t\t\t<span class=\"elementor-divider-separator\">\n\t\t\t\t\t\t<\/span>\n\t\t<\/div>\n\t\t\t\t\t\t<\/div>\n\t\t\t\t<div class=\"elementor-element elementor-element-0a09ae1 elementor-widget elementor-widget-button\" data-id=\"0a09ae1\" data-element_type=\"widget\" data-widget_type=\"button.default\">\n\t\t\t\t\t\t\t\t\t\t<a class=\"elementor-button elementor-button-link elementor-size-sm\" href=\"https:\/\/wa.link\/ej8p27\" target=\"_blank\">\n\t\t\t\t\t\t<span class=\"elementor-button-content-wrapper\">\n\t\t\t\t\t\t\t\t\t<span class=\"elementor-button-text\">Precisa de ajuda? Entre em contato conosco para suporte<\/span>\n\t\t\t\t\t<\/span>\n\t\t\t\t\t<\/a>\n\t\t\t\t\t\t\t\t<\/div>\n\t\t\t\t<\/div>\n\t\t\t\t\t<\/div>\n\t\t\t\t<\/div>\n\t\t\t\t<\/div>\n\t\t","protected":false},"excerpt":{"rendered":"<p>Estamos em Manuten\u00e7\u00e3o Melhorando nossa p\u00e1gina para melhor atend\u00ea-lo Estamos trabalhando para trazer uma experi\u00eancia ainda melhor para voc\u00ea. Nossa equipe est\u00e1 dedicada em criar solu\u00e7\u00f5es que fazem clientes felizes. Precisa de ajuda? Entre em contato conosco para suporte<\/p>\n","protected":false},"author":1,"featured_media":0,"parent":0,"menu_order":0,"comment_status":"closed","ping_status":"closed","template":"elementor_canvas","meta":{"footnotes":""},"class_list":["post-12","page","type-page","status-publish","hentry","entry"],"_links":{"self":[{"href":"https:\/\/maples.com.br\/index.php\/wp-json\/wp\/v2\/pages\/12","targetHints":{"allow":["GET"]}}],"collection":[{"href":"https:\/\/maples.com.br\/index.php\/wp-json\/wp\/v2\/pages"}],"about":[{"href":"https:\/\/maples.com.br\/index.php\/wp-json\/wp\/v2\/types\/page"}],"author":[{"embeddable":true,"href":"https:\/\/maples.com.br\/index.php\/wp-json\/wp\/v2\/users\/1"}],"replies":[{"embeddable":true,"href":"https:\/\/maples.com.br\/index.php\/wp-json\/wp\/v2\/comments?post=12"}],"version-history":[{"count":19,"href":"https:\/\/maples.com.br\/index.php\/wp-json\/wp\/v2\/pages\/12\/revisions"}],"predecessor-version":[{"id":35,"href":"https:\/\/maples.com.br\/index.php\/wp-json\/wp\/v2\/pages\/12\/revisions\/35"}],"wp:attachment":[{"href":"https:\/\/maples.com.br\/index.php\/wp-json\/wp\/v2\/media?parent=12"}],"curies":[{"name":"wp","href":"https:\/\/api.w.org\/{rel}","templated":true}]}}